{"id":37,"date":"2018-05-12T16:34:45","date_gmt":"2018-05-12T16:34:45","guid":{"rendered":"http:\/\/zen-dojo-luebeck.de\/?page_id=37"},"modified":"2025-12-18T09:13:34","modified_gmt":"2025-12-18T09:13:34","slug":"ort-zeit","status":"publish","type":"page","link":"https:\/\/zen-dojo-luebeck.de\/?page_id=37","title":{"rendered":"Ort &#038; Zeit"},"content":{"rendered":"<p><em><strong>\u00a0<\/strong><\/em><\/p>\n<p><strong>Zazen Zeiten:<\/strong><\/p>\n<ul>\n<li>Montag<\/li>\n<\/ul>\n<p>18:30 bis 20:00<\/p>\n<ul>\n<li style=\"text-align: left;\">Mittwoch<\/li>\n<\/ul>\n<p>18:30 bis 20:00<\/p>\n<ul>\n<li>Freitag<\/li>\n<\/ul>\n<p>18:30 bis 20:00<\/p>\n<p><strong>Bitte immer 20 Minuten vor Beginn erscheinen<\/strong>.<\/p>\n<p><strong>Zen D\u00f4j\u00f4 Gy\u00f4jin<\/strong><\/p>\n<p><a href=\"https:\/\/www.google.de\/maps\/place\/Zen-D%C3%B4j%C3%B4+Gy%C3%B4jin+L%C3%BCbeck+e.V.\/@53.8630831,10.6851213,17z\/data=!3m1!4b1!4m5!3m4!1s0x47b2095a4d4af7af:0xcd6adb566dad80dc!8m2!3d53.86308!4d10.68731\">M\u00fchlenstra\u00dfe 47 (Eingang Pergamentmachergang)<\/a><\/p>\n\n\n<p> <img loading=\"lazy\" decoding=\"async\" width=\"400\" height=\"262\" class=\"wp-image-142\" style=\"width: 400px;\" src=\"http:\/\/zen-dojo-luebeck.de\/wp-content\/uploads\/2024\/03\/IMG_20231014_0922092-scaled.jpg\" alt=\"\" srcset=\"https:\/\/zen-dojo-luebeck.de\/wp-content\/uploads\/2024\/03\/IMG_20231014_0922092-scaled.jpg 2560w, https:\/\/zen-dojo-luebeck.de\/wp-content\/uploads\/2024\/03\/IMG_20231014_0922092-300x197.jpg 300w, https:\/\/zen-dojo-luebeck.de\/wp-content\/uploads\/2024\/03\/IMG_20231014_0922092-1024x672.jpg 1024w, https:\/\/zen-dojo-luebeck.de\/wp-content\/uploads\/2024\/03\/IMG_20231014_0922092-768x504.jpg 768w, https:\/\/zen-dojo-luebeck.de\/wp-content\/uploads\/2024\/03\/IMG_20231014_0922092-1536x1007.jpg 1536w, https:\/\/zen-dojo-luebeck.de\/wp-content\/uploads\/2024\/03\/IMG_20231014_0922092-2048x1343.jpg 2048w\" sizes=\"auto, (max-width: 400px) 100vw, 400px\" \/><\/p>\n","protected":false},"excerpt":{"rendered":"<p>\u00a0 Zazen Zeiten: Montag 18:30 bis 20:00 Mittwoch 18:30 bis 20:00 Freitag 18:30 bis 20:00 Bitte immer 20 Minuten vor Beginn erscheinen. Zen D\u00f4j\u00f4 Gy\u00f4jin M\u00fchlenstra\u00dfe 47 (Eingang Pergamentmachergang)<\/p>\n","protected":false},"author":1,"featured_media":38,"parent":0,"menu_order":0,"comment_status":"closed","ping_status":"closed","template":"","meta":{"footnotes":""},"class_list":["post-37","page","type-page","status-publish","has-post-thumbnail","hentry"],"_links":{"self":[{"href":"https:\/\/zen-dojo-luebeck.de\/index.php?rest_route=\/wp\/v2\/pages\/37","targetHints":{"allow":["GET"]}}],"collection":[{"href":"https:\/\/zen-dojo-luebeck.de\/index.php?rest_route=\/wp\/v2\/pages"}],"about":[{"href":"https:\/\/zen-dojo-luebeck.de\/index.php?rest_route=\/wp\/v2\/types\/page"}],"author":[{"embeddable":true,"href":"https:\/\/zen-dojo-luebeck.de\/index.php?rest_route=\/wp\/v2\/users\/1"}],"replies":[{"embeddable":true,"href":"https:\/\/zen-dojo-luebeck.de\/index.php?rest_route=%2Fwp%2Fv2%2Fcomments&post=37"}],"version-history":[{"count":9,"href":"https:\/\/zen-dojo-luebeck.de\/index.php?rest_route=\/wp\/v2\/pages\/37\/revisions"}],"predecessor-version":[{"id":175,"href":"https:\/\/zen-dojo-luebeck.de\/index.php?rest_route=\/wp\/v2\/pages\/37\/revisions\/175"}],"wp:featuredmedia":[{"embeddable":true,"href":"https:\/\/zen-dojo-luebeck.de\/index.php?rest_route=\/wp\/v2\/media\/38"}],"wp:attachment":[{"href":"https:\/\/zen-dojo-luebeck.de\/index.php?rest_route=%2Fwp%2Fv2%2Fmedia&parent=37"}],"curies":[{"name":"wp","href":"https:\/\/api.w.org\/{rel}","templated":true}]}}