{"id":83,"date":"2018-05-13T12:53:52","date_gmt":"2018-05-13T12:53:52","guid":{"rendered":"http:\/\/zen-dojo-luebeck.de\/?page_id=83"},"modified":"2018-05-13T12:53:52","modified_gmt":"2018-05-13T12:53:52","slug":"was-ist-zazen","status":"publish","type":"page","link":"https:\/\/zen-dojo-luebeck.de\/?page_id=83","title":{"rendered":"Was ist Zazen?"},"content":{"rendered":"<p>Zazen ist, in einer aufrechten Haltung tiefer Konzentration einfach zu sitzen. \u201eEinfach\u201c hei\u00dft, die Vitalit\u00e4t von K\u00f6rper und Geist sind intensiv gesammelt, konzentriert, versenkt in die Zazen-Haltung. K\u00f6rper und Geist sind dadurch v\u00f6llig wach und wie eins in der kraftvollen Stille der gegenw\u00e4rtigen Zeit zentriert. Unser individuelles Dasein wird so wieder im Urgrund des Lebens verankert. K\u00f6rper und Geist k\u00f6nnen aus einer inneren Quelle sch\u00f6pfen, sich selbst erneuern, und werden unabh\u00e4ngig vom Erreichenm\u00fcssen eines Ziels, einer \u00e4u\u00dferen Best\u00e4tigung. Die Begrenzung durch ein Bewu\u00dftsein, das alles z\u00e4hlen und messen mu\u00df und immer auf der Suche nach pers\u00f6nlichem Gewinn ist, f\u00e4llt ab. Leben offenbart sich in seiner unmittelbaren Qualit\u00e4t.<\/p>\n<p><img loading=\"lazy\" decoding=\"async\" title=\"Taisen Deshimaru Roshi\" src=\"http:\/\/www.zen-vereinigung.de\/fileadmin\/_processed_\/7\/7\/csm_Deshimaru_6b55f4c919.gif\" alt=\"Taisen Deshimaru Roshi\" width=\"140\" height=\"201\" \/><\/p>\n<p>Die Zazen-Haltung besteht darin, auf einem Kissen mit gekreuzten Beinen in aufrechter, nat\u00fcrlicher Haltung zu sitzen. Die Aufmerksamkeit wird auf die Spannkraft der Haltung und eine lange Ausatmung konzentriert. Im Raum des gesammelten Geistes auftauchende Gedanken und Bilder werden weder zur\u00fcckgewiesen noch beurteilt, noch verfolgt. Bewu\u00dftsein und Unterbewu\u00dftsein k\u00f6nnen sich entleeren.<\/p>\n<p class=\"bodytext\">K\u00f6rper und Geist kehren so zu ihrer urspr\u00fcnglichen, ungetr\u00fcbten Verfassung zur\u00fcck. Zen ist in seinem Wesen Erfahrung einer tieferen Qualit\u00e4t der Wirklichkeit. Diese Erfahrung gr\u00fcndet sich auf Aus\u00fcbung und kann durch das Denken weder vorweggenommen noch ersetzt werden. Worte und Begriffe k\u00f6nnen die lebendige Wirklichkeit nicht wirklich einfangen.<\/p>\n<p class=\"bodytext\">Der Zen-Weg ist Aktualisierung einer tieferen Wirklichkeit durch Aus\u00fcbung.<\/p>\n<p class=\"bodytext\">\n<p>&nbsp;<\/p>\n<p>&nbsp;<\/p>\n<p>&nbsp;<\/p>\n<p>&nbsp;<\/p>\n<p>&nbsp;<\/p>\n","protected":false},"excerpt":{"rendered":"<p>Zazen ist, in einer aufrechten Haltung tiefer Konzentration einfach zu sitzen. \u201eEinfach\u201c hei\u00dft, die Vitalit\u00e4t von K\u00f6rper und Geist sind intensiv gesammelt, konzentriert, versenkt in die Zazen-Haltung. K\u00f6rper und Geist sind dadurch v\u00f6llig wach und wie eins in der kraftvollen Stille der gegenw\u00e4rtigen Zeit zentriert. Unser individuelles Dasein wird so wieder im Urgrund des Lebens &hellip; <\/p>\n<p class=\"link-more\"><a href=\"https:\/\/zen-dojo-luebeck.de\/?page_id=83\" class=\"more-link\"><span class=\"screen-reader-text\">&#8222;Was ist Zazen?&#8220;<\/span> weiterlesen<\/a><\/p>\n","protected":false},"author":1,"featured_media":38,"parent":0,"menu_order":0,"comment_status":"closed","ping_status":"closed","template":"","meta":{"footnotes":""},"class_list":["post-83","page","type-page","status-publish","has-post-thumbnail","hentry"],"_links":{"self":[{"href":"https:\/\/zen-dojo-luebeck.de\/index.php?rest_route=\/wp\/v2\/pages\/83","targetHints":{"allow":["GET"]}}],"collection":[{"href":"https:\/\/zen-dojo-luebeck.de\/index.php?rest_route=\/wp\/v2\/pages"}],"about":[{"href":"https:\/\/zen-dojo-luebeck.de\/index.php?rest_route=\/wp\/v2\/types\/page"}],"author":[{"embeddable":true,"href":"https:\/\/zen-dojo-luebeck.de\/index.php?rest_route=\/wp\/v2\/users\/1"}],"replies":[{"embeddable":true,"href":"https:\/\/zen-dojo-luebeck.de\/index.php?rest_route=%2Fwp%2Fv2%2Fcomments&post=83"}],"version-history":[{"count":1,"href":"https:\/\/zen-dojo-luebeck.de\/index.php?rest_route=\/wp\/v2\/pages\/83\/revisions"}],"predecessor-version":[{"id":85,"href":"https:\/\/zen-dojo-luebeck.de\/index.php?rest_route=\/wp\/v2\/pages\/83\/revisions\/85"}],"wp:featuredmedia":[{"embeddable":true,"href":"https:\/\/zen-dojo-luebeck.de\/index.php?rest_route=\/wp\/v2\/media\/38"}],"wp:attachment":[{"href":"https:\/\/zen-dojo-luebeck.de\/index.php?rest_route=%2Fwp%2Fv2%2Fmedia&parent=83"}],"curies":[{"name":"wp","href":"https:\/\/api.w.org\/{rel}","templated":true}]}}